{"id":210190,"date":"2020-03-23T12:56:51","date_gmt":"2020-03-23T11:56:51","guid":{"rendered":"https:\/\/kabuso.no\/?page_id=210190"},"modified":"2023-08-31T11:24:45","modified_gmt":"2023-08-31T09:24:45","slug":"sculptures","status":"publish","type":"page","link":"https:\/\/kabuso.no\/en\/ingebrigt-vik-museum\/sculptures\/","title":{"rendered":"Sculptures"},"content":{"rendered":"<p>[et_pb_section fb_built=&#8221;1&#8243; _builder_version=&#8221;4.16&#8243; use_background_color_gradient=&#8221;on&#8221; background_color_gradient_stops=&#8221;rgba(0,0,0,0.35) 0%|rgba(0,0,0,0.35) 100%&#8221; background_color_gradient_overlays_image=&#8221;on&#8221; background_color_gradient_start=&#8221;rgba(0,0,0,0.35)&#8221; background_color_gradient_end=&#8221;rgba(0,0,0,0.35)&#8221; background_image=&#8221;https:\/\/kabuso.no\/wp-content\/uploads\/2020\/03\/Ingebrigt-Vik-museum-\u00d8ystese-Foto-Silje-Solvi-8.jpg&#8221; da_disable_devices=&#8221;off|off|off&#8221; global_colors_info=&#8221;{}&#8221; da_is_popup=&#8221;off&#8221; da_exit_intent=&#8221;off&#8221; da_has_close=&#8221;on&#8221; da_alt_close=&#8221;off&#8221; da_dark_close=&#8221;off&#8221; da_not_modal=&#8221;on&#8221; da_is_singular=&#8221;off&#8221; da_with_loader=&#8221;off&#8221; da_has_shadow=&#8221;on&#8221;][et_pb_row _builder_version=&#8221;4.16&#8243; global_colors_info=&#8221;{}&#8221;][et_pb_column type=&#8221;4_4&#8243; _builder_version=&#8221;4.16&#8243; custom_padding=&#8221;|||&#8221; global_colors_info=&#8221;{}&#8221; custom_padding__hover=&#8221;|||&#8221;][et_pb_text _builder_version=&#8221;4.21.0&#8243; header_font=&#8221;||||||||&#8221; header_text_align=&#8221;center&#8221; header_text_color=&#8221;#ffffff&#8221; header_font_size=&#8221;62px&#8221; header_letter_spacing=&#8221;2px&#8221; header_line_height=&#8221;1.3em&#8221; module_alignment=&#8221;center&#8221; custom_margin=&#8221;75px||20px|&#8221; custom_margin_tablet=&#8221;&#8221; custom_margin_phone=&#8221;35px||10px|&#8221; custom_margin_last_edited=&#8221;on|phone&#8221; header_font_size_tablet=&#8221;42px&#8221; header_font_size_phone=&#8221;28px&#8221; header_font_size_last_edited=&#8221;on|phone&#8221; global_colors_info=&#8221;{}&#8221;]<\/p>\n<h1>Sculptures<\/h1>\n<p>[\/et_pb_text][\/et_pb_column][\/et_pb_row][\/et_pb_section][et_pb_section fb_built=&#8221;1&#8243; _builder_version=&#8221;4.16&#8243; custom_padding=&#8221;54px|0px|0|0px|false|false&#8221; da_disable_devices=&#8221;off|off|off&#8221; global_colors_info=&#8221;{}&#8221; da_is_popup=&#8221;off&#8221; da_exit_intent=&#8221;off&#8221; da_has_close=&#8221;on&#8221; da_alt_close=&#8221;off&#8221; da_dark_close=&#8221;off&#8221; da_not_modal=&#8221;on&#8221; da_is_singular=&#8221;off&#8221; da_with_loader=&#8221;off&#8221; da_has_shadow=&#8221;on&#8221;][et_pb_row column_structure=&#8221;1_2,1_2&#8243; _builder_version=&#8221;4.16&#8243; global_colors_info=&#8221;{}&#8221;][et_pb_column type=&#8221;1_2&#8243; _builder_version=&#8221;4.16&#8243; custom_padding=&#8221;|||&#8221; global_colors_info=&#8221;{}&#8221; custom_padding__hover=&#8221;|||&#8221;][et_pb_image src=&#8221;https:\/\/kabuso.no\/wp-content\/uploads\/2020\/03\/Ingebrigt-Vik-museum-\u00d8ystese-Foto-Silje-Solvi.jpg&#8221; align_tablet=&#8221;center&#8221; align_phone=&#8221;&#8221; align_last_edited=&#8221;on|desktop&#8221; _builder_version=&#8221;4.16&#8243; global_colors_info=&#8221;{}&#8221;][\/et_pb_image][\/et_pb_column][et_pb_column type=&#8221;1_2&#8243; _builder_version=&#8221;4.16&#8243; custom_padding=&#8221;35px|||&#8221; global_colors_info=&#8221;{}&#8221; custom_padding__hover=&#8221;|||&#8221;][et_pb_text _builder_version=&#8221;4.16&#8243; header_font=&#8221;||||||||&#8221; header_font_size=&#8221;39px&#8221; header_2_font=&#8221;||||||||&#8221; header_2_font_size=&#8221;38px&#8221; header_2_line_height=&#8221;1.3em&#8221; header_2_font_size_tablet=&#8221;32px&#8221; header_2_font_size_phone=&#8221;26px&#8221; header_2_font_size_last_edited=&#8221;on|phone&#8221; global_colors_info=&#8221;{}&#8221;]<\/p>\n<h2>Eit unikt bygg<\/h2>\n<p>[\/et_pb_text][et_pb_text _builder_version=&#8221;4.16&#8243; global_colors_info=&#8221;{}&#8221;]<\/p>\n<p>Ingebrigt Vik museum vart teikna av arkitekt Torgeir Alvsaker (1875-1971) i 1932.<\/p>\n<p>Alvsaker utarbeidde fleire forslag til museumsbygning, men valet fall til slutt p\u00e5 ein sentralbygning i form av eit \u00e5ttekanta hus med eit h\u00f8gare midtrom. Ei slik l\u00f8ysing hadde vorte tilr\u00e5dd av bilethoggar Gunnar Jansson som var konsulent for byggekomit\u00e9en.<\/p>\n<p>Fr\u00e5 opninga i 1934 var bygningen uendra fram til 1954 d\u00e5 to allegoriske skulpturar Vik laga til jubileumsutstillinga i Oslo 1914 vart funne i eit skur p\u00e5 Frogner.<br \/> Skulpturane \u00abM\u00e5larkunsten\u00bb og \u00abSkulpturen\u00bb var for store til \u00e5 f\u00e5 plass inne i museet, og dei to nisjane p\u00e5 kvar side av inngangspartiet kom til.<\/p>\n<p>Den siste tilf\u00f8yinga kom d\u00e5 Kabuso vart reist i 2005. Arkitektane Hille og Strandskogen gav Ingebrigt Vik museum ein ny fl\u00f8y i bakkant. Hille og Strandskogen tok utgangspunkt i den klassiske symmetrien i bygget, men gav samstundes ei kopling til den formale estetikken i Kabuso. Med nybygget fekk skulptursamlinga om lag 50 m2 st\u00f8rre golvplass, og ikkje minst st\u00f8rre innslepp av dagslys gjennom dei store vindauga mot nord.<\/p>\n<p>[\/et_pb_text][\/et_pb_column][\/et_pb_row][\/et_pb_section][et_pb_section fb_built=&#8221;1&#8243; _builder_version=&#8221;4.16&#8243; custom_padding=&#8221;0|0px|54px|0px|false|false&#8221; da_disable_devices=&#8221;off|off|off&#8221; global_colors_info=&#8221;{}&#8221; da_is_popup=&#8221;off&#8221; da_exit_intent=&#8221;off&#8221; da_has_close=&#8221;on&#8221; da_alt_close=&#8221;off&#8221; da_dark_close=&#8221;off&#8221; da_not_modal=&#8221;on&#8221; da_is_singular=&#8221;off&#8221; da_with_loader=&#8221;off&#8221; da_has_shadow=&#8221;on&#8221;][et_pb_row column_structure=&#8221;1_3,1_3,1_3&#8243; _builder_version=&#8221;4.16&#8243; global_colors_info=&#8221;{}&#8221;][et_pb_column type=&#8221;1_3&#8243; _builder_version=&#8221;4.16&#8243; global_colors_info=&#8221;{}&#8221;][et_pb_image src=&#8221;https:\/\/kabuso.no\/wp-content\/uploads\/2020\/03\/Ingebrigt-Vik-museum-\u00d8ystese-Foto-Silje-Solvi-11.jpg&#8221; _builder_version=&#8221;4.16&#8243; global_colors_info=&#8221;{}&#8221;][\/et_pb_image][\/et_pb_column][et_pb_column type=&#8221;1_3&#8243; _builder_version=&#8221;4.16&#8243; global_colors_info=&#8221;{}&#8221;][et_pb_image src=&#8221;https:\/\/kabuso.no\/wp-content\/uploads\/2020\/03\/Ingebrigt-Vik-museum-\u00d8ystese-Foto-Silje-Solvi-9.jpg&#8221; _builder_version=&#8221;4.16&#8243; global_colors_info=&#8221;{}&#8221;][\/et_pb_image][\/et_pb_column][et_pb_column type=&#8221;1_3&#8243; _builder_version=&#8221;4.16&#8243; global_colors_info=&#8221;{}&#8221;][et_pb_image src=&#8221;https:\/\/kabuso.no\/wp-content\/uploads\/2020\/03\/Ingebrigt-Vik-museum-\u00d8ystese-Foto-Silje-Solvi-7.jpg&#8221; _builder_version=&#8221;4.16&#8243; global_colors_info=&#8221;{}&#8221;][\/et_pb_image][\/et_pb_column][\/et_pb_row][\/et_pb_section]<\/p>\n","protected":false},"excerpt":{"rendered":"<p>SculpturesEit unikt bygg Ingebrigt Vik museum vart teikna av arkitekt Torgeir Alvsaker (1875-1971) i 1932. Alvsaker utarbeidde fleire forslag til museumsbygning, men valet fall til slutt p\u00e5 ein sentralbygning i form av eit \u00e5ttekanta hus med eit h\u00f8gare midtrom. Ei slik l\u00f8ysing hadde vorte tilr\u00e5dd av bilethoggar Gunnar Jansson som var konsulent for byggekomit\u00e9en. Fr\u00e5 [&hellip;]<\/p>\n","protected":false},"author":6,"featured_media":219283,"parent":208768,"menu_order":3,"comment_status":"closed","ping_status":"closed","template":"","meta":{"_et_pb_use_builder":"on","_et_pb_old_content":"","_et_gb_content_width":"","inline_featured_image":false,"footnotes":""},"class_list":["post-210190","page","type-page","status-publish","has-post-thumbnail","hentry"],"yoast_head":"<!-- This site is optimized with the Yoast SEO plugin v27.1.1 - https:\/\/yoast.com\/product\/yoast-seo-wordpress\/ -->\n<title>Sculptures - Kunsthuset Kabuso<\/title>\n<meta name=\"robots\" content=\"index, follow, max-snippet:-1, max-image-preview:large, max-video-preview:-1\" \/>\n<link rel=\"canonical\" href=\"https:\/\/kabuso.no\/ingebrigt-vik-museum\/arkitektur\/\" \/>\n<meta property=\"og:locale\" content=\"en_US\" \/>\n<meta property=\"og:type\" content=\"article\" \/>\n<meta property=\"og:title\" content=\"Sculptures - Kunsthuset Kabuso\" \/>\n<meta property=\"og:description\" content=\"SculpturesEit unikt bygg Ingebrigt Vik museum vart teikna av arkitekt Torgeir Alvsaker (1875-1971) i 1932. Alvsaker utarbeidde fleire forslag til museumsbygning, men valet fall til slutt p\u00e5 ein sentralbygning i form av eit \u00e5ttekanta hus med eit h\u00f8gare midtrom. Ei slik l\u00f8ysing hadde vorte tilr\u00e5dd av bilethoggar Gunnar Jansson som var konsulent for byggekomit\u00e9en. Fr\u00e5 [&hellip;]\" \/>\n<meta property=\"og:url\" content=\"https:\/\/kabuso.no\/ingebrigt-vik-museum\/arkitektur\/\" \/>\n<meta property=\"og:site_name\" content=\"Kunsthuset Kabuso\" \/>\n<meta property=\"article:publisher\" content=\"https:\/\/www.facebook.com\/kunsthusetkabuso\/?locale=nb_NO\" \/>\n<meta property=\"article:modified_time\" content=\"2023-08-31T09:24:45+00:00\" \/>\n<meta property=\"og:image\" content=\"https:\/\/kabuso.no\/wp-content\/uploads\/2020\/03\/Ingebrigt-Vik-museum-\u00d8ystese-Foto-Silje-Solvi-10.jpg\" \/>\n\t<meta property=\"og:image:width\" content=\"2048\" \/>\n\t<meta property=\"og:image:height\" content=\"1366\" \/>\n\t<meta property=\"og:image:type\" content=\"image\/jpeg\" \/>\n<meta name=\"twitter:card\" content=\"summary_large_image\" \/>\n<meta name=\"twitter:label1\" content=\"Est. reading time\" \/>\n\t<meta name=\"twitter:data1\" content=\"2 minutes\" \/>\n<script type=\"application\/ld+json\" class=\"yoast-schema-graph\">{\"@context\":\"https:\/\/schema.org\",\"@graph\":[{\"@type\":\"WebPage\",\"@id\":\"https:\/\/kabuso.no\/ingebrigt-vik-museum\/arkitektur\/\",\"url\":\"https:\/\/kabuso.no\/ingebrigt-vik-museum\/arkitektur\/\",\"name\":\"Sculptures - Kunsthuset Kabuso\",\"isPartOf\":{\"@id\":\"https:\/\/kabuso.no\/#website\"},\"primaryImageOfPage\":{\"@id\":\"https:\/\/kabuso.no\/ingebrigt-vik-museum\/arkitektur\/#primaryimage\"},\"image\":{\"@id\":\"https:\/\/kabuso.no\/ingebrigt-vik-museum\/arkitektur\/#primaryimage\"},\"thumbnailUrl\":\"https:\/\/kabuso.no\/wp-content\/uploads\/2023\/08\/Ingebrigt_Vik_Museum-\u00a9Pal-Hoff-copy.jpg\",\"datePublished\":\"2020-03-23T11:56:51+00:00\",\"dateModified\":\"2023-08-31T09:24:45+00:00\",\"breadcrumb\":{\"@id\":\"https:\/\/kabuso.no\/ingebrigt-vik-museum\/arkitektur\/#breadcrumb\"},\"inLanguage\":\"en-US\",\"potentialAction\":[{\"@type\":\"ReadAction\",\"target\":[\"https:\/\/kabuso.no\/ingebrigt-vik-museum\/arkitektur\/\"]}]},{\"@type\":\"ImageObject\",\"inLanguage\":\"en-US\",\"@id\":\"https:\/\/kabuso.no\/ingebrigt-vik-museum\/arkitektur\/#primaryimage\",\"url\":\"https:\/\/kabuso.no\/wp-content\/uploads\/2023\/08\/Ingebrigt_Vik_Museum-\u00a9Pal-Hoff-copy.jpg\",\"contentUrl\":\"https:\/\/kabuso.no\/wp-content\/uploads\/2023\/08\/Ingebrigt_Vik_Museum-\u00a9Pal-Hoff-copy.jpg\",\"width\":2000,\"height\":2042},{\"@type\":\"BreadcrumbList\",\"@id\":\"https:\/\/kabuso.no\/ingebrigt-vik-museum\/arkitektur\/#breadcrumb\",\"itemListElement\":[{\"@type\":\"ListItem\",\"position\":1,\"name\":\"Hjem\",\"item\":\"https:\/\/kabuso.no\/\"},{\"@type\":\"ListItem\",\"position\":2,\"name\":\"Ingebrigt Vik Museum\",\"item\":\"https:\/\/kabuso.no\/ingebrigt-vik-museum\/\"},{\"@type\":\"ListItem\",\"position\":3,\"name\":\"Sculptures\"}]},{\"@type\":\"WebSite\",\"@id\":\"https:\/\/kabuso.no\/#website\",\"url\":\"https:\/\/kabuso.no\/\",\"name\":\"Kunsthuset Kabuso\",\"description\":\"Kunsthuset ved Hardangerfjorden\",\"publisher\":{\"@id\":\"https:\/\/kabuso.no\/#organization\"},\"potentialAction\":[{\"@type\":\"SearchAction\",\"target\":{\"@type\":\"EntryPoint\",\"urlTemplate\":\"https:\/\/kabuso.no\/?s={search_term_string}\"},\"query-input\":{\"@type\":\"PropertyValueSpecification\",\"valueRequired\":true,\"valueName\":\"search_term_string\"}}],\"inLanguage\":\"en-US\"},{\"@type\":\"Organization\",\"@id\":\"https:\/\/kabuso.no\/#organization\",\"name\":\"Kunsthuset Kabuso\",\"url\":\"https:\/\/kabuso.no\/\",\"logo\":{\"@type\":\"ImageObject\",\"inLanguage\":\"en-US\",\"@id\":\"https:\/\/kabuso.no\/#\/schema\/logo\/image\/\",\"url\":\"https:\/\/kabuso.no\/wp-content\/uploads\/2023\/06\/Kabuso-hovud.svg\",\"contentUrl\":\"https:\/\/kabuso.no\/wp-content\/uploads\/2023\/06\/Kabuso-hovud.svg\",\"width\":1,\"height\":1,\"caption\":\"Kunsthuset Kabuso\"},\"image\":{\"@id\":\"https:\/\/kabuso.no\/#\/schema\/logo\/image\/\"},\"sameAs\":[\"https:\/\/www.facebook.com\/kunsthusetkabuso\/?locale=nb_NO\",\"https:\/\/www.instagram.com\/kunsthuset_kabuso\/\",\"https:\/\/www.linkedin.com\/company\/kunsthuset-kabuso\/\",\"https:\/\/www.linkedin.com\/company\/hardanger-skyspace\/\"]}]}<\/script>\n<!-- \/ Yoast SEO plugin. -->","yoast_head_json":{"title":"Sculptures - Kunsthuset Kabuso","robots":{"index":"index","follow":"follow","max-snippet":"max-snippet:-1","max-image-preview":"max-image-preview:large","max-video-preview":"max-video-preview:-1"},"canonical":"https:\/\/kabuso.no\/ingebrigt-vik-museum\/arkitektur\/","og_locale":"en_US","og_type":"article","og_title":"Sculptures - Kunsthuset Kabuso","og_description":"SculpturesEit unikt bygg Ingebrigt Vik museum vart teikna av arkitekt Torgeir Alvsaker (1875-1971) i 1932. Alvsaker utarbeidde fleire forslag til museumsbygning, men valet fall til slutt p\u00e5 ein sentralbygning i form av eit \u00e5ttekanta hus med eit h\u00f8gare midtrom. Ei slik l\u00f8ysing hadde vorte tilr\u00e5dd av bilethoggar Gunnar Jansson som var konsulent for byggekomit\u00e9en. Fr\u00e5 [&hellip;]","og_url":"https:\/\/kabuso.no\/ingebrigt-vik-museum\/arkitektur\/","og_site_name":"Kunsthuset Kabuso","article_publisher":"https:\/\/www.facebook.com\/kunsthusetkabuso\/?locale=nb_NO","article_modified_time":"2023-08-31T09:24:45+00:00","og_image":[{"width":2048,"height":1366,"url":"https:\/\/kabuso.no\/wp-content\/uploads\/2020\/03\/Ingebrigt-Vik-museum-\u00d8ystese-Foto-Silje-Solvi-10.jpg","type":"image\/jpeg"}],"twitter_card":"summary_large_image","twitter_misc":{"Est. reading time":"2 minutes"},"schema":{"@context":"https:\/\/schema.org","@graph":[{"@type":"WebPage","@id":"https:\/\/kabuso.no\/ingebrigt-vik-museum\/arkitektur\/","url":"https:\/\/kabuso.no\/ingebrigt-vik-museum\/arkitektur\/","name":"Sculptures - Kunsthuset Kabuso","isPartOf":{"@id":"https:\/\/kabuso.no\/#website"},"primaryImageOfPage":{"@id":"https:\/\/kabuso.no\/ingebrigt-vik-museum\/arkitektur\/#primaryimage"},"image":{"@id":"https:\/\/kabuso.no\/ingebrigt-vik-museum\/arkitektur\/#primaryimage"},"thumbnailUrl":"https:\/\/kabuso.no\/wp-content\/uploads\/2023\/08\/Ingebrigt_Vik_Museum-\u00a9Pal-Hoff-copy.jpg","datePublished":"2020-03-23T11:56:51+00:00","dateModified":"2023-08-31T09:24:45+00:00","breadcrumb":{"@id":"https:\/\/kabuso.no\/ingebrigt-vik-museum\/arkitektur\/#breadcrumb"},"inLanguage":"en-US","potentialAction":[{"@type":"ReadAction","target":["https:\/\/kabuso.no\/ingebrigt-vik-museum\/arkitektur\/"]}]},{"@type":"ImageObject","inLanguage":"en-US","@id":"https:\/\/kabuso.no\/ingebrigt-vik-museum\/arkitektur\/#primaryimage","url":"https:\/\/kabuso.no\/wp-content\/uploads\/2023\/08\/Ingebrigt_Vik_Museum-\u00a9Pal-Hoff-copy.jpg","contentUrl":"https:\/\/kabuso.no\/wp-content\/uploads\/2023\/08\/Ingebrigt_Vik_Museum-\u00a9Pal-Hoff-copy.jpg","width":2000,"height":2042},{"@type":"BreadcrumbList","@id":"https:\/\/kabuso.no\/ingebrigt-vik-museum\/arkitektur\/#breadcrumb","itemListElement":[{"@type":"ListItem","position":1,"name":"Hjem","item":"https:\/\/kabuso.no\/"},{"@type":"ListItem","position":2,"name":"Ingebrigt Vik Museum","item":"https:\/\/kabuso.no\/ingebrigt-vik-museum\/"},{"@type":"ListItem","position":3,"name":"Sculptures"}]},{"@type":"WebSite","@id":"https:\/\/kabuso.no\/#website","url":"https:\/\/kabuso.no\/","name":"Kunsthuset Kabuso","description":"Kunsthuset ved Hardangerfjorden","publisher":{"@id":"https:\/\/kabuso.no\/#organization"},"potentialAction":[{"@type":"SearchAction","target":{"@type":"EntryPoint","urlTemplate":"https:\/\/kabuso.no\/?s={search_term_string}"},"query-input":{"@type":"PropertyValueSpecification","valueRequired":true,"valueName":"search_term_string"}}],"inLanguage":"en-US"},{"@type":"Organization","@id":"https:\/\/kabuso.no\/#organization","name":"Kunsthuset Kabuso","url":"https:\/\/kabuso.no\/","logo":{"@type":"ImageObject","inLanguage":"en-US","@id":"https:\/\/kabuso.no\/#\/schema\/logo\/image\/","url":"https:\/\/kabuso.no\/wp-content\/uploads\/2023\/06\/Kabuso-hovud.svg","contentUrl":"https:\/\/kabuso.no\/wp-content\/uploads\/2023\/06\/Kabuso-hovud.svg","width":1,"height":1,"caption":"Kunsthuset Kabuso"},"image":{"@id":"https:\/\/kabuso.no\/#\/schema\/logo\/image\/"},"sameAs":["https:\/\/www.facebook.com\/kunsthusetkabuso\/?locale=nb_NO","https:\/\/www.instagram.com\/kunsthuset_kabuso\/","https:\/\/www.linkedin.com\/company\/kunsthuset-kabuso\/","https:\/\/www.linkedin.com\/company\/hardanger-skyspace\/"]}]}},"_links":{"self":[{"href":"https:\/\/kabuso.no\/en\/wp-json\/wp\/v2\/pages\/210190","targetHints":{"allow":["GET"]}}],"collection":[{"href":"https:\/\/kabuso.no\/en\/wp-json\/wp\/v2\/pages"}],"about":[{"href":"https:\/\/kabuso.no\/en\/wp-json\/wp\/v2\/types\/page"}],"author":[{"embeddable":true,"href":"https:\/\/kabuso.no\/en\/wp-json\/wp\/v2\/users\/6"}],"replies":[{"embeddable":true,"href":"https:\/\/kabuso.no\/en\/wp-json\/wp\/v2\/comments?post=210190"}],"version-history":[{"count":0,"href":"https:\/\/kabuso.no\/en\/wp-json\/wp\/v2\/pages\/210190\/revisions"}],"up":[{"embeddable":true,"href":"https:\/\/kabuso.no\/en\/wp-json\/wp\/v2\/pages\/208768"}],"wp:featuredmedia":[{"embeddable":true,"href":"https:\/\/kabuso.no\/en\/wp-json\/wp\/v2\/media\/219283"}],"wp:attachment":[{"href":"https:\/\/kabuso.no\/en\/wp-json\/wp\/v2\/media?parent=210190"}],"curies":[{"name":"wp","href":"https:\/\/api.w.org\/{rel}","templated":true}]}}