{"id":208921,"date":"2018-10-15T00:59:56","date_gmt":"2018-10-14T22:59:56","guid":{"rendered":"https:\/\/kabuso.no\/i-kabuso-med-born\/"},"modified":"2023-08-31T11:22:28","modified_gmt":"2023-08-31T09:22:28","slug":"i-kabuso-med-born","status":"publish","type":"page","link":"https:\/\/kabuso.no\/en\/i-kabuso-med-born\/","title":{"rendered":"I Kabuso med born"},"content":{"rendered":"<p>[et_pb_section fb_built=&#8221;1&#8243; _builder_version=&#8221;4.16&#8243; use_background_color_gradient=&#8221;on&#8221; background_color_gradient_stops=&#8221;rgba(0,0,0,0.35) 0%|rgba(0,0,0,0.35) 100%&#8221; background_color_gradient_overlays_image=&#8221;on&#8221; background_color_gradient_start=&#8221;rgba(0,0,0,0.35)&#8221; background_color_gradient_end=&#8221;rgba(0,0,0,0.35)&#8221; background_image=&#8221;https:\/\/kabuso.no\/\/wp-content\/uploads\/2019\/01\/IMG_0010.jpg&#8221; da_disable_devices=&#8221;off|off|off&#8221; global_colors_info=&#8221;{}&#8221; da_is_popup=&#8221;off&#8221; da_exit_intent=&#8221;off&#8221; da_has_close=&#8221;on&#8221; da_alt_close=&#8221;off&#8221; da_dark_close=&#8221;off&#8221; da_not_modal=&#8221;on&#8221; da_is_singular=&#8221;off&#8221; da_with_loader=&#8221;off&#8221; da_has_shadow=&#8221;on&#8221;][et_pb_row _builder_version=&#8221;4.16&#8243; global_colors_info=&#8221;{}&#8221;][et_pb_column type=&#8221;4_4&#8243; _builder_version=&#8221;4.16&#8243; custom_padding=&#8221;|||&#8221; global_colors_info=&#8221;{}&#8221; custom_padding__hover=&#8221;|||&#8221;][et_pb_text _builder_version=&#8221;4.21.0&#8243; header_font=&#8221;||||||||&#8221; header_text_align=&#8221;center&#8221; header_text_color=&#8221;#ffffff&#8221; header_font_size=&#8221;62px&#8221; header_letter_spacing=&#8221;2px&#8221; header_line_height=&#8221;1.3em&#8221; module_alignment=&#8221;center&#8221; custom_margin=&#8221;75px||20px|&#8221; custom_margin_tablet=&#8221;&#8221; custom_margin_phone=&#8221;35px||10px|&#8221; custom_margin_last_edited=&#8221;on|phone&#8221; header_font_size_tablet=&#8221;42px&#8221; header_font_size_phone=&#8221;28px&#8221; header_font_size_last_edited=&#8221;on|phone&#8221; global_colors_info=&#8221;{}&#8221;]<\/p>\n<h1>I Kabuso med born<\/h1>\n<p>[\/et_pb_text][\/et_pb_column][\/et_pb_row][\/et_pb_section][et_pb_section fb_built=&#8221;1&#8243; _builder_version=&#8221;4.16&#8243; custom_padding=&#8221;54px|0px|0|0px|false|false&#8221; da_disable_devices=&#8221;off|off|off&#8221; global_colors_info=&#8221;{}&#8221; da_is_popup=&#8221;off&#8221; da_exit_intent=&#8221;off&#8221; da_has_close=&#8221;on&#8221; da_alt_close=&#8221;off&#8221; da_dark_close=&#8221;off&#8221; da_not_modal=&#8221;on&#8221; da_is_singular=&#8221;off&#8221; da_with_loader=&#8221;off&#8221; da_has_shadow=&#8221;on&#8221;][et_pb_row column_structure=&#8221;1_2,1_2&#8243; _builder_version=&#8221;4.16&#8243; global_colors_info=&#8221;{}&#8221;][et_pb_column type=&#8221;1_2&#8243; _builder_version=&#8221;4.16&#8243; custom_padding=&#8221;|||&#8221; global_colors_info=&#8221;{}&#8221; custom_padding__hover=&#8221;|||&#8221;][et_pb_image src=&#8221;https:\/\/kabuso.no\/\/wp-content\/uploads\/2018\/10\/Felieke-van-der-Leest-Think-Sustainable-Kabuso-\u00d8ystese-13.jpg&#8221; align_tablet=&#8221;center&#8221; align_phone=&#8221;center&#8221; align_last_edited=&#8221;on|desktop&#8221; _builder_version=&#8221;4.16&#8243; global_colors_info=&#8221;{}&#8221;][\/et_pb_image][\/et_pb_column][et_pb_column type=&#8221;1_2&#8243; _builder_version=&#8221;4.16&#8243; custom_padding=&#8221;35px|||&#8221; global_colors_info=&#8221;{}&#8221; custom_padding__hover=&#8221;|||&#8221;][et_pb_text _builder_version=&#8221;4.16&#8243; header_font=&#8221;||||||||&#8221; header_font_size=&#8221;39px&#8221; header_2_font=&#8221;||||||||&#8221; header_2_font_size=&#8221;38px&#8221; header_2_line_height=&#8221;1.3em&#8221; header_2_font_size_tablet=&#8221;32px&#8221; header_2_font_size_phone=&#8221;26px&#8221; header_2_font_size_last_edited=&#8221;on|phone&#8221; global_colors_info=&#8221;{}&#8221;]<\/p>\n<h2>Sm\u00e5 kunstopplevingar<\/h2>\n<p>[\/et_pb_text][et_pb_text _builder_version=&#8221;4.21.0&#8243; text_font=&#8221;||||||||&#8221; text_text_color=&#8221;#191919&#8243; text_line_height=&#8221;2em&#8221; global_colors_info=&#8221;{}&#8221;]<\/p>\n<p>Born er alltid velkomne i Kabuso. I kafeen finn de ein eigen barnekrok med b\u00f8ker og teiknesaker. Me har stellefasilitetar til dei minste og ei avslappa atmosf\u00e6re. Born g\u00e5r alltid gratis i utstillinga i f\u00f8lgje med ein vaksen, og dei f\u00e5r redusert pris p\u00e5 konsertane v\u00e5re og i Skyspace. I Ingebrigt Vik museum finn de eit gratis aktivitetshefte. Heftet har oppg\u00e5ver som relaterer seg til Vik sine fascinerande skulpturar og inviterer borna til ei oppdagingsferd i museet. Kabuso har og eigne arrangement for born.<\/p>\n<p>Bornas Kabuso er ein kunst- og filmklubb for alle born med kring 4 arrangement i halv\u00e5ret. Medlemsskap kostar 70 kronar, som gir gratis inngang til alle arrangementa i klubben. Her viser me mellom anna animasjonsfilm og byr p\u00e5 kreative verkstadar. Programmet finn du i <a href=\"https:\/\/kabuso.no\/en\/programme\/\">program<\/a> og i eigne flyerar.<\/p>\n<p>Kabuso arrangerer Kakaokonsert i samarbeid med Kvam kulturskule. Konserten gir unge ut\u00f8varar h\u00f8ve til \u00e5 opptre p\u00e5 ei profesjonell scene. Konserten er ope for alle som er interessert i f\u00f8lgje med p\u00e5 den yngre musikkscena i Kvam.<\/p>\n<p>Undervisningstilbod for skuleklassar og barnehagar i utstillingane v\u00e5re finn du under <a href=\"https:\/\/kabuso.no\/en\/educational-activities\/\">undervisning<\/a>.<\/p>\n<p>[\/et_pb_text][\/et_pb_column][\/et_pb_row][\/et_pb_section][et_pb_section fb_built=&#8221;1&#8243; _builder_version=&#8221;4.16&#8243; custom_padding=&#8221;0|0px|54px|0px|false|false&#8221; da_disable_devices=&#8221;off|off|off&#8221; global_colors_info=&#8221;{}&#8221; da_is_popup=&#8221;off&#8221; da_exit_intent=&#8221;off&#8221; da_has_close=&#8221;on&#8221; da_alt_close=&#8221;off&#8221; da_dark_close=&#8221;off&#8221; da_not_modal=&#8221;on&#8221; da_is_singular=&#8221;off&#8221; da_with_loader=&#8221;off&#8221; da_has_shadow=&#8221;on&#8221;][et_pb_row column_structure=&#8221;2_3,1_3&#8243; use_custom_gutter=&#8221;on&#8221; gutter_width=&#8221;2&#8243; _builder_version=&#8221;4.16&#8243; global_colors_info=&#8221;{}&#8221;][et_pb_column type=&#8221;2_3&#8243; _builder_version=&#8221;4.16&#8243; custom_padding=&#8221;|||&#8221; global_colors_info=&#8221;{}&#8221; custom_padding__hover=&#8221;|||&#8221;][et_pb_text _builder_version=&#8221;4.16&#8243; header_font=&#8221;||||||||&#8221; header_3_font=&#8221;||||||||&#8221; header_3_font_size=&#8221;28px&#8221; header_3_line_height=&#8221;1.3em&#8221; header_3_font_size_tablet=&#8221;24px&#8221; header_3_font_size_phone=&#8221;22px&#8221; header_3_font_size_last_edited=&#8221;on|phone&#8221; global_colors_info=&#8221;{}&#8221;][\/et_pb_text][et_pb_text _builder_version=&#8221;4.16&#8243; text_font=&#8221;||||||||&#8221; text_text_color=&#8221;#191919&#8243; text_line_height=&#8221;2em&#8221; global_colors_info=&#8221;{}&#8221;][\/et_pb_text][\/et_pb_column][et_pb_column type=&#8221;1_3&#8243; _builder_version=&#8221;4.16&#8243; custom_padding=&#8221;|||&#8221; global_colors_info=&#8221;{}&#8221; custom_padding__hover=&#8221;|||&#8221;][\/et_pb_column][\/et_pb_row][et_pb_row _builder_version=&#8221;4.16&#8243; custom_padding=&#8221;50px|0px|27px|0px|false|false&#8221; global_colors_info=&#8221;{}&#8221;][et_pb_column type=&#8221;4_4&#8243; _builder_version=&#8221;4.16&#8243; custom_padding=&#8221;|||&#8221; global_colors_info=&#8221;{}&#8221; custom_padding__hover=&#8221;|||&#8221;][et_pb_gallery gallery_ids=&#8221;208365,208422,208398,208427,208345,207620,207621,207622,207623&#8243; show_title_and_caption=&#8221;off&#8221; show_pagination=&#8221;off&#8221; _builder_version=&#8221;4.16&#8243; global_colors_info=&#8221;{}&#8221;][\/et_pb_gallery][\/et_pb_column][\/et_pb_row][\/et_pb_section]<\/p>\n","protected":false},"excerpt":{"rendered":"<p>I Kabuso med bornSm\u00e5 kunstopplevingar Born er alltid velkomne i Kabuso. I kafeen finn de ein eigen barnekrok med b\u00f8ker og teiknesaker. Me har stellefasilitetar til dei minste og ei avslappa atmosf\u00e6re. Born g\u00e5r alltid gratis i utstillinga i f\u00f8lgje med ein vaksen, og dei f\u00e5r redusert pris p\u00e5 konsertane v\u00e5re og i Skyspace. I [&hellip;]<\/p>\n","protected":false},"author":1,"featured_media":221687,"parent":0,"menu_order":0,"comment_status":"closed","ping_status":"closed","template":"","meta":{"_et_pb_use_builder":"on","_et_pb_old_content":"","_et_gb_content_width":"","inline_featured_image":false,"footnotes":""},"class_list":["post-208921","page","type-page","status-publish","has-post-thumbnail","hentry"],"yoast_head":"<!-- This site is optimized with the Yoast SEO plugin v27.3 - https:\/\/yoast.com\/product\/yoast-seo-wordpress\/ -->\n<title>I Kabuso med born - Kunsthuset Kabuso<\/title>\n<meta name=\"robots\" content=\"index, follow, max-snippet:-1, max-image-preview:large, max-video-preview:-1\" \/>\n<link rel=\"canonical\" href=\"https:\/\/kabuso.no\/en\/i-kabuso-med-born\/\" \/>\n<meta property=\"og:locale\" content=\"en_US\" \/>\n<meta property=\"og:type\" content=\"article\" \/>\n<meta property=\"og:title\" content=\"I Kabuso med born - Kunsthuset Kabuso\" \/>\n<meta property=\"og:description\" content=\"I Kabuso med bornSm\u00e5 kunstopplevingar Born er alltid velkomne i Kabuso. I kafeen finn de ein eigen barnekrok med b\u00f8ker og teiknesaker. Me har stellefasilitetar til dei minste og ei avslappa atmosf\u00e6re. Born g\u00e5r alltid gratis i utstillinga i f\u00f8lgje med ein vaksen, og dei f\u00e5r redusert pris p\u00e5 konsertane v\u00e5re og i Skyspace. I [&hellip;]\" \/>\n<meta property=\"og:url\" content=\"https:\/\/kabuso.no\/en\/i-kabuso-med-born\/\" \/>\n<meta property=\"og:site_name\" content=\"Kunsthuset Kabuso\" \/>\n<meta property=\"article:publisher\" content=\"https:\/\/www.facebook.com\/kunsthusetkabuso\/?locale=nb_NO\" \/>\n<meta property=\"article:modified_time\" content=\"2023-08-31T09:22:28+00:00\" \/>\n<meta property=\"og:image\" content=\"https:\/\/kabuso.no\/wp-content\/uploads\/2019\/01\/2018-Opning-VU18-Kabuso-foto-Aukse-Drungiliene-190.jpg\" \/>\n\t<meta property=\"og:image:width\" content=\"1365\" \/>\n\t<meta property=\"og:image:height\" content=\"2048\" \/>\n\t<meta property=\"og:image:type\" content=\"image\/jpeg\" \/>\n<meta name=\"twitter:card\" content=\"summary_large_image\" \/>\n<meta name=\"twitter:label1\" content=\"Est. reading time\" \/>\n\t<meta name=\"twitter:data1\" content=\"2 minutes\" \/>\n<script type=\"application\/ld+json\" class=\"yoast-schema-graph\">{\"@context\":\"https:\\\/\\\/schema.org\",\"@graph\":[{\"@type\":\"WebPage\",\"@id\":\"https:\\\/\\\/kabuso.no\\\/en\\\/i-kabuso-med-born\\\/\",\"url\":\"https:\\\/\\\/kabuso.no\\\/en\\\/i-kabuso-med-born\\\/\",\"name\":\"I Kabuso med born - Kunsthuset Kabuso\",\"isPartOf\":{\"@id\":\"https:\\\/\\\/kabuso.no\\\/#website\"},\"primaryImageOfPage\":{\"@id\":\"https:\\\/\\\/kabuso.no\\\/en\\\/i-kabuso-med-born\\\/#primaryimage\"},\"image\":{\"@id\":\"https:\\\/\\\/kabuso.no\\\/en\\\/i-kabuso-med-born\\\/#primaryimage\"},\"thumbnailUrl\":\"https:\\\/\\\/kabuso.no\\\/wp-content\\\/uploads\\\/2025\\\/09\\\/bornas-kabuso-klipp-scaled.jpg\",\"datePublished\":\"2018-10-14T22:59:56+00:00\",\"dateModified\":\"2023-08-31T09:22:28+00:00\",\"breadcrumb\":{\"@id\":\"https:\\\/\\\/kabuso.no\\\/en\\\/i-kabuso-med-born\\\/#breadcrumb\"},\"inLanguage\":\"en-US\",\"potentialAction\":[{\"@type\":\"ReadAction\",\"target\":[\"https:\\\/\\\/kabuso.no\\\/en\\\/i-kabuso-med-born\\\/\"]}]},{\"@type\":\"ImageObject\",\"inLanguage\":\"en-US\",\"@id\":\"https:\\\/\\\/kabuso.no\\\/en\\\/i-kabuso-med-born\\\/#primaryimage\",\"url\":\"https:\\\/\\\/kabuso.no\\\/wp-content\\\/uploads\\\/2025\\\/09\\\/bornas-kabuso-klipp-scaled.jpg\",\"contentUrl\":\"https:\\\/\\\/kabuso.no\\\/wp-content\\\/uploads\\\/2025\\\/09\\\/bornas-kabuso-klipp-scaled.jpg\",\"width\":2560,\"height\":2560},{\"@type\":\"BreadcrumbList\",\"@id\":\"https:\\\/\\\/kabuso.no\\\/en\\\/i-kabuso-med-born\\\/#breadcrumb\",\"itemListElement\":[{\"@type\":\"ListItem\",\"position\":1,\"name\":\"Hjem\",\"item\":\"https:\\\/\\\/kabuso.no\\\/\"},{\"@type\":\"ListItem\",\"position\":2,\"name\":\"I Kabuso med born\"}]},{\"@type\":\"WebSite\",\"@id\":\"https:\\\/\\\/kabuso.no\\\/#website\",\"url\":\"https:\\\/\\\/kabuso.no\\\/\",\"name\":\"Kunsthuset Kabuso\",\"description\":\"Kunsthuset ved Hardangerfjorden\",\"publisher\":{\"@id\":\"https:\\\/\\\/kabuso.no\\\/#organization\"},\"potentialAction\":[{\"@type\":\"SearchAction\",\"target\":{\"@type\":\"EntryPoint\",\"urlTemplate\":\"https:\\\/\\\/kabuso.no\\\/?s={search_term_string}\"},\"query-input\":{\"@type\":\"PropertyValueSpecification\",\"valueRequired\":true,\"valueName\":\"search_term_string\"}}],\"inLanguage\":\"en-US\"},{\"@type\":\"Organization\",\"@id\":\"https:\\\/\\\/kabuso.no\\\/#organization\",\"name\":\"Kunsthuset Kabuso\",\"url\":\"https:\\\/\\\/kabuso.no\\\/\",\"logo\":{\"@type\":\"ImageObject\",\"inLanguage\":\"en-US\",\"@id\":\"https:\\\/\\\/kabuso.no\\\/#\\\/schema\\\/logo\\\/image\\\/\",\"url\":\"https:\\\/\\\/kabuso.no\\\/wp-content\\\/uploads\\\/2023\\\/06\\\/Kabuso-hovud.svg\",\"contentUrl\":\"https:\\\/\\\/kabuso.no\\\/wp-content\\\/uploads\\\/2023\\\/06\\\/Kabuso-hovud.svg\",\"width\":1,\"height\":1,\"caption\":\"Kunsthuset Kabuso\"},\"image\":{\"@id\":\"https:\\\/\\\/kabuso.no\\\/#\\\/schema\\\/logo\\\/image\\\/\"},\"sameAs\":[\"https:\\\/\\\/www.facebook.com\\\/kunsthusetkabuso\\\/?locale=nb_NO\",\"https:\\\/\\\/www.instagram.com\\\/kunsthuset_kabuso\\\/\",\"https:\\\/\\\/www.linkedin.com\\\/company\\\/kunsthuset-kabuso\\\/\",\"https:\\\/\\\/www.linkedin.com\\\/company\\\/hardanger-skyspace\\\/\"]}]}<\/script>\n<!-- \/ Yoast SEO plugin. -->","yoast_head_json":{"title":"I Kabuso med born - Kunsthuset Kabuso","robots":{"index":"index","follow":"follow","max-snippet":"max-snippet:-1","max-image-preview":"max-image-preview:large","max-video-preview":"max-video-preview:-1"},"canonical":"https:\/\/kabuso.no\/en\/i-kabuso-med-born\/","og_locale":"en_US","og_type":"article","og_title":"I Kabuso med born - Kunsthuset Kabuso","og_description":"I Kabuso med bornSm\u00e5 kunstopplevingar Born er alltid velkomne i Kabuso. I kafeen finn de ein eigen barnekrok med b\u00f8ker og teiknesaker. Me har stellefasilitetar til dei minste og ei avslappa atmosf\u00e6re. Born g\u00e5r alltid gratis i utstillinga i f\u00f8lgje med ein vaksen, og dei f\u00e5r redusert pris p\u00e5 konsertane v\u00e5re og i Skyspace. I [&hellip;]","og_url":"https:\/\/kabuso.no\/en\/i-kabuso-med-born\/","og_site_name":"Kunsthuset Kabuso","article_publisher":"https:\/\/www.facebook.com\/kunsthusetkabuso\/?locale=nb_NO","article_modified_time":"2023-08-31T09:22:28+00:00","og_image":[{"width":1365,"height":2048,"url":"https:\/\/kabuso.no\/wp-content\/uploads\/2019\/01\/2018-Opning-VU18-Kabuso-foto-Aukse-Drungiliene-190.jpg","type":"image\/jpeg"}],"twitter_card":"summary_large_image","twitter_misc":{"Est. reading time":"2 minutes"},"schema":{"@context":"https:\/\/schema.org","@graph":[{"@type":"WebPage","@id":"https:\/\/kabuso.no\/en\/i-kabuso-med-born\/","url":"https:\/\/kabuso.no\/en\/i-kabuso-med-born\/","name":"I Kabuso med born - Kunsthuset Kabuso","isPartOf":{"@id":"https:\/\/kabuso.no\/#website"},"primaryImageOfPage":{"@id":"https:\/\/kabuso.no\/en\/i-kabuso-med-born\/#primaryimage"},"image":{"@id":"https:\/\/kabuso.no\/en\/i-kabuso-med-born\/#primaryimage"},"thumbnailUrl":"https:\/\/kabuso.no\/wp-content\/uploads\/2025\/09\/bornas-kabuso-klipp-scaled.jpg","datePublished":"2018-10-14T22:59:56+00:00","dateModified":"2023-08-31T09:22:28+00:00","breadcrumb":{"@id":"https:\/\/kabuso.no\/en\/i-kabuso-med-born\/#breadcrumb"},"inLanguage":"en-US","potentialAction":[{"@type":"ReadAction","target":["https:\/\/kabuso.no\/en\/i-kabuso-med-born\/"]}]},{"@type":"ImageObject","inLanguage":"en-US","@id":"https:\/\/kabuso.no\/en\/i-kabuso-med-born\/#primaryimage","url":"https:\/\/kabuso.no\/wp-content\/uploads\/2025\/09\/bornas-kabuso-klipp-scaled.jpg","contentUrl":"https:\/\/kabuso.no\/wp-content\/uploads\/2025\/09\/bornas-kabuso-klipp-scaled.jpg","width":2560,"height":2560},{"@type":"BreadcrumbList","@id":"https:\/\/kabuso.no\/en\/i-kabuso-med-born\/#breadcrumb","itemListElement":[{"@type":"ListItem","position":1,"name":"Hjem","item":"https:\/\/kabuso.no\/"},{"@type":"ListItem","position":2,"name":"I Kabuso med born"}]},{"@type":"WebSite","@id":"https:\/\/kabuso.no\/#website","url":"https:\/\/kabuso.no\/","name":"Kunsthuset Kabuso","description":"Kunsthuset ved Hardangerfjorden","publisher":{"@id":"https:\/\/kabuso.no\/#organization"},"potentialAction":[{"@type":"SearchAction","target":{"@type":"EntryPoint","urlTemplate":"https:\/\/kabuso.no\/?s={search_term_string}"},"query-input":{"@type":"PropertyValueSpecification","valueRequired":true,"valueName":"search_term_string"}}],"inLanguage":"en-US"},{"@type":"Organization","@id":"https:\/\/kabuso.no\/#organization","name":"Kunsthuset Kabuso","url":"https:\/\/kabuso.no\/","logo":{"@type":"ImageObject","inLanguage":"en-US","@id":"https:\/\/kabuso.no\/#\/schema\/logo\/image\/","url":"https:\/\/kabuso.no\/wp-content\/uploads\/2023\/06\/Kabuso-hovud.svg","contentUrl":"https:\/\/kabuso.no\/wp-content\/uploads\/2023\/06\/Kabuso-hovud.svg","width":1,"height":1,"caption":"Kunsthuset Kabuso"},"image":{"@id":"https:\/\/kabuso.no\/#\/schema\/logo\/image\/"},"sameAs":["https:\/\/www.facebook.com\/kunsthusetkabuso\/?locale=nb_NO","https:\/\/www.instagram.com\/kunsthuset_kabuso\/","https:\/\/www.linkedin.com\/company\/kunsthuset-kabuso\/","https:\/\/www.linkedin.com\/company\/hardanger-skyspace\/"]}]}},"_links":{"self":[{"href":"https:\/\/kabuso.no\/en\/wp-json\/wp\/v2\/pages\/208921","targetHints":{"allow":["GET"]}}],"collection":[{"href":"https:\/\/kabuso.no\/en\/wp-json\/wp\/v2\/pages"}],"about":[{"href":"https:\/\/kabuso.no\/en\/wp-json\/wp\/v2\/types\/page"}],"author":[{"embeddable":true,"href":"https:\/\/kabuso.no\/en\/wp-json\/wp\/v2\/users\/1"}],"replies":[{"embeddable":true,"href":"https:\/\/kabuso.no\/en\/wp-json\/wp\/v2\/comments?post=208921"}],"version-history":[{"count":0,"href":"https:\/\/kabuso.no\/en\/wp-json\/wp\/v2\/pages\/208921\/revisions"}],"wp:featuredmedia":[{"embeddable":true,"href":"https:\/\/kabuso.no\/en\/wp-json\/wp\/v2\/media\/221687"}],"wp:attachment":[{"href":"https:\/\/kabuso.no\/en\/wp-json\/wp\/v2\/media?parent=208921"}],"curies":[{"name":"wp","href":"https:\/\/api.w.org\/{rel}","templated":true}]}}