{"id":208762,"date":"2018-09-30T22:47:25","date_gmt":"2018-09-30T20:47:25","guid":{"rendered":"https:\/\/kabuso.no\/kafe\/"},"modified":"2023-07-05T14:50:23","modified_gmt":"2023-07-05T12:50:23","slug":"cafe","status":"publish","type":"page","link":"https:\/\/kabuso.no\/en\/cafe\/","title":{"rendered":"Caf\u00e9"},"content":{"rendered":"<p>[et_pb_section fb_built=&#8221;1&#8243; _builder_version=&#8221;4.21.0&#8243; use_background_color_gradient=&#8221;on&#8221; background_color_gradient_stops=&#8221;rgba(0,0,0,0.35) 0%|rgba(0,0,0,0.35) 100%&#8221; background_color_gradient_overlays_image=&#8221;on&#8221; background_color_gradient_start=&#8221;rgba(0,0,0,0.35)&#8221; background_color_gradient_end=&#8221;rgba(0,0,0,0.35)&#8221; background_image=&#8221;https:\/\/kabuso.no\/wp-content\/uploads\/2022\/06\/Kabuso_cafe.jpeg&#8221; hover_enabled=&#8221;0&#8243; da_disable_devices=&#8221;off|off|off&#8221; global_colors_info=&#8221;{}&#8221; title_text=&#8221;Kabuso_cafe&#8221; sticky_enabled=&#8221;0&#8243; background_position=&#8221;top_center&#8221; da_is_popup=&#8221;off&#8221; da_exit_intent=&#8221;off&#8221; da_has_close=&#8221;on&#8221; da_alt_close=&#8221;off&#8221; da_dark_close=&#8221;off&#8221; da_not_modal=&#8221;on&#8221; da_is_singular=&#8221;off&#8221; da_with_loader=&#8221;off&#8221; da_has_shadow=&#8221;on&#8221;][et_pb_row _builder_version=&#8221;4.16&#8243; global_colors_info=&#8221;{}&#8221;][et_pb_column type=&#8221;4_4&#8243; _builder_version=&#8221;4.16&#8243; custom_padding=&#8221;|||&#8221; global_colors_info=&#8221;{}&#8221; custom_padding__hover=&#8221;|||&#8221;][et_pb_text _builder_version=&#8221;4.21.0&#8243; header_font=&#8221;||||||||&#8221; header_text_align=&#8221;center&#8221; header_text_color=&#8221;#ffffff&#8221; header_font_size=&#8221;62px&#8221; header_letter_spacing=&#8221;3px&#8221; header_line_height=&#8221;1.3em&#8221; module_alignment=&#8221;center&#8221; custom_margin=&#8221;75px||20px|&#8221; custom_margin_tablet=&#8221;&#8221; custom_margin_phone=&#8221;35px||10px|&#8221; custom_margin_last_edited=&#8221;on|phone&#8221; header_font_size_tablet=&#8221;42px&#8221; header_font_size_phone=&#8221;28px&#8221; header_font_size_last_edited=&#8221;on|phone&#8221; global_colors_info=&#8221;{}&#8221;]<\/p>\n<h1>Kabuso caf\u00e9<\/h1>\n<p>[\/et_pb_text][\/et_pb_column][\/et_pb_row][\/et_pb_section][et_pb_section fb_built=&#8221;1&#8243; _builder_version=&#8221;4.16&#8243; custom_padding=&#8221;54px|0px|0|0px|false|false&#8221; da_disable_devices=&#8221;off|off|off&#8221; global_colors_info=&#8221;{}&#8221; da_is_popup=&#8221;off&#8221; da_exit_intent=&#8221;off&#8221; da_has_close=&#8221;on&#8221; da_alt_close=&#8221;off&#8221; da_dark_close=&#8221;off&#8221; da_not_modal=&#8221;on&#8221; da_is_singular=&#8221;off&#8221; da_with_loader=&#8221;off&#8221; da_has_shadow=&#8221;on&#8221;][et_pb_row column_structure=&#8221;1_2,1_2&#8243; _builder_version=&#8221;4.16&#8243; global_colors_info=&#8221;{}&#8221;][et_pb_column type=&#8221;1_2&#8243; _builder_version=&#8221;4.16&#8243; custom_padding=&#8221;|||&#8221; global_colors_info=&#8221;{}&#8221; custom_padding__hover=&#8221;|||&#8221;][et_pb_image src=&#8221;https:\/\/kabuso.no\/wp-content\/uploads\/2022\/10\/Kabuso_kafe\u0301_Foto_Kabuso_Aukse_Drungiliene-scaled.jpeg&#8221; align_tablet=&#8221;center&#8221; align_phone=&#8221;&#8221; align_last_edited=&#8221;on|desktop&#8221; _builder_version=&#8221;4.21.0&#8243; hover_enabled=&#8221;0&#8243; global_colors_info=&#8221;{}&#8221; title_text=&#8221;Kabuso_kafe\u0301_Foto_Kabuso_Aukse_Drungiliene&#8221; sticky_enabled=&#8221;0&#8243;][\/et_pb_image][\/et_pb_column][et_pb_column type=&#8221;1_2&#8243; _builder_version=&#8221;4.16&#8243; custom_padding=&#8221;35px|||&#8221; global_colors_info=&#8221;{}&#8221; custom_padding__hover=&#8221;|||&#8221;][et_pb_text _builder_version=&#8221;4.16&#8243; header_font=&#8221;||||||||&#8221; header_font_size=&#8221;39px&#8221; header_2_font=&#8221;||||||||&#8221; header_2_font_size=&#8221;38px&#8221; header_2_line_height=&#8221;1.3em&#8221; header_2_font_size_tablet=&#8221;32px&#8221; header_2_font_size_phone=&#8221;26px&#8221; header_2_font_size_last_edited=&#8221;on|phone&#8221; global_colors_info=&#8221;{}&#8221;]<\/p>\n<h2>Take a break in our caf\u00e9 with its view of the Hardangerfjord!<\/h2>\n<p>[\/et_pb_text][et_pb_text _builder_version=&#8221;4.16&#8243; text_font=&#8221;||||||||&#8221; text_text_color=&#8221;#191919&#8243; text_line_height=&#8221;2em&#8221; global_colors_info=&#8221;{}&#8221;]<\/p>\n<p>Kabuso caf\u00e9 serves simple lunch dishes, homemade cakes and pastries, a range of coffees, beers and wines.<\/p>\n<p>Enjoy a cold beer or a glass of locally produced apple juice out on the terrace in summer \u2013 or sit inside with a cup of cocoa topped with whipped cream and soak up the view of the snow-covered sculpture park.<\/p>\n<p>The caf\u00e9 also has a range of art magazines and books, newspapers and children\u2019s books you can borrow during your visit.<br \/>There is free and open WiFi in the caf\u00e9.<\/p>\n<p>You don\u2019t need an admission ticket to visit the caf\u00e9.<br \/>The caf\u00e9 is open during Kabuso\u2019s ordinary opening hours \u2013 and is also open is connection with events.<\/p>\n<p>[\/et_pb_text][\/et_pb_column][\/et_pb_row][\/et_pb_section][et_pb_section fb_built=&#8221;1&#8243; _builder_version=&#8221;4.16&#8243; custom_padding=&#8221;0|0px|54px|0px|false|false&#8221; da_disable_devices=&#8221;off|off|off&#8221; global_colors_info=&#8221;{}&#8221; da_is_popup=&#8221;off&#8221; da_exit_intent=&#8221;off&#8221; da_has_close=&#8221;on&#8221; da_alt_close=&#8221;off&#8221; da_dark_close=&#8221;off&#8221; da_not_modal=&#8221;on&#8221; da_is_singular=&#8221;off&#8221; da_with_loader=&#8221;off&#8221; da_has_shadow=&#8221;on&#8221;][et_pb_row _builder_version=&#8221;4.16&#8243; custom_padding=&#8221;50px|0px|27px|0px|false|false&#8221; global_colors_info=&#8221;{}&#8221;][et_pb_column type=&#8221;4_4&#8243; _builder_version=&#8221;4.16&#8243; custom_padding=&#8221;|||&#8221; global_colors_info=&#8221;{}&#8221; custom_padding__hover=&#8221;|||&#8221;][et_pb_gallery gallery_ids=&#8221;207620,207621,207622,208414,208413,208431,208409&#8243; show_title_and_caption=&#8221;off&#8221; show_pagination=&#8221;off&#8221; _builder_version=&#8221;4.16&#8243; global_colors_info=&#8221;{}&#8221;][\/et_pb_gallery][\/et_pb_column][\/et_pb_row][\/et_pb_section]<\/p>\n","protected":false},"excerpt":{"rendered":"<p>Kabuso caf\u00e9Take a break in our caf\u00e9 with its view of the Hardangerfjord!Kabuso caf\u00e9 serves simple lunch dishes, homemade cakes and pastries, a range of coffees, beers and wines. Enjoy a cold beer or a glass of locally produced apple juice out on the terrace in summer \u2013 or sit inside with a cup of [&hellip;]<\/p>\n","protected":false},"author":1,"featured_media":217461,"parent":0,"menu_order":0,"comment_status":"closed","ping_status":"closed","template":"","meta":{"_et_pb_use_builder":"on","_et_pb_old_content":"","_et_gb_content_width":"","inline_featured_image":false,"footnotes":""},"class_list":["post-208762","page","type-page","status-publish","has-post-thumbnail","hentry"],"yoast_head":"<!-- This site is optimized with the Yoast SEO plugin v27.1.1 - https:\/\/yoast.com\/product\/yoast-seo-wordpress\/ -->\n<title>Caf\u00e9 - Kunsthuset Kabuso<\/title>\n<meta name=\"description\" content=\"Visit our caf\u00e9 in the centre of Oystese ! We offer home made cakes and light lunches, local products and the best coffee by the fjord\" \/>\n<meta name=\"robots\" content=\"index, follow, max-snippet:-1, max-image-preview:large, max-video-preview:-1\" \/>\n<link rel=\"canonical\" href=\"https:\/\/kabuso.no\/kafe\/\" \/>\n<meta property=\"og:locale\" content=\"en_US\" \/>\n<meta property=\"og:type\" content=\"article\" \/>\n<meta property=\"og:title\" content=\"Caf\u00e9 - Kunsthuset Kabuso\" \/>\n<meta property=\"og:description\" content=\"Visit our caf\u00e9 in the centre of Oystese ! We offer home made cakes and light lunches, local products and the best coffee by the fjord\" \/>\n<meta property=\"og:url\" content=\"https:\/\/kabuso.no\/kafe\/\" \/>\n<meta property=\"og:site_name\" content=\"Kunsthuset Kabuso\" \/>\n<meta property=\"article:publisher\" content=\"https:\/\/www.facebook.com\/kunsthusetkabuso\/?locale=nb_NO\" \/>\n<meta property=\"article:modified_time\" content=\"2023-07-05T12:50:23+00:00\" \/>\n<meta property=\"og:image\" content=\"https:\/\/kabuso.no\/wp-content\/uploads\/2022\/06\/Kabuso_cafe.jpeg\" \/>\n\t<meta property=\"og:image:width\" content=\"1936\" \/>\n\t<meta property=\"og:image:height\" content=\"1936\" \/>\n\t<meta property=\"og:image:type\" content=\"image\/jpeg\" \/>\n<meta name=\"twitter:card\" content=\"summary_large_image\" \/>\n<meta name=\"twitter:label1\" content=\"Est. reading time\" \/>\n\t<meta name=\"twitter:data1\" content=\"2 minutes\" \/>\n<script type=\"application\/ld+json\" class=\"yoast-schema-graph\">{\"@context\":\"https:\/\/schema.org\",\"@graph\":[{\"@type\":\"WebPage\",\"@id\":\"https:\/\/kabuso.no\/kafe\/\",\"url\":\"https:\/\/kabuso.no\/kafe\/\",\"name\":\"Caf\u00e9 - Kunsthuset Kabuso\",\"isPartOf\":{\"@id\":\"https:\/\/kabuso.no\/#website\"},\"primaryImageOfPage\":{\"@id\":\"https:\/\/kabuso.no\/kafe\/#primaryimage\"},\"image\":{\"@id\":\"https:\/\/kabuso.no\/kafe\/#primaryimage\"},\"thumbnailUrl\":\"https:\/\/kabuso.no\/wp-content\/uploads\/2022\/10\/Kabuso_kafe\u0301_Foto_Kabuso_Aukse_Drungiliene-scaled.jpeg\",\"datePublished\":\"2018-09-30T20:47:25+00:00\",\"dateModified\":\"2023-07-05T12:50:23+00:00\",\"description\":\"Visit our caf\u00e9 in the centre of Oystese ! We offer home made cakes and light lunches, local products and the best coffee by the fjord\",\"breadcrumb\":{\"@id\":\"https:\/\/kabuso.no\/kafe\/#breadcrumb\"},\"inLanguage\":\"en-US\",\"potentialAction\":[{\"@type\":\"ReadAction\",\"target\":[\"https:\/\/kabuso.no\/kafe\/\"]}]},{\"@type\":\"ImageObject\",\"inLanguage\":\"en-US\",\"@id\":\"https:\/\/kabuso.no\/kafe\/#primaryimage\",\"url\":\"https:\/\/kabuso.no\/wp-content\/uploads\/2022\/10\/Kabuso_kafe\u0301_Foto_Kabuso_Aukse_Drungiliene-scaled.jpeg\",\"contentUrl\":\"https:\/\/kabuso.no\/wp-content\/uploads\/2022\/10\/Kabuso_kafe\u0301_Foto_Kabuso_Aukse_Drungiliene-scaled.jpeg\",\"width\":2560,\"height\":1707},{\"@type\":\"BreadcrumbList\",\"@id\":\"https:\/\/kabuso.no\/kafe\/#breadcrumb\",\"itemListElement\":[{\"@type\":\"ListItem\",\"position\":1,\"name\":\"Hjem\",\"item\":\"https:\/\/kabuso.no\/\"},{\"@type\":\"ListItem\",\"position\":2,\"name\":\"Caf\u00e9\"}]},{\"@type\":\"WebSite\",\"@id\":\"https:\/\/kabuso.no\/#website\",\"url\":\"https:\/\/kabuso.no\/\",\"name\":\"Kunsthuset Kabuso\",\"description\":\"Kunsthuset ved Hardangerfjorden\",\"publisher\":{\"@id\":\"https:\/\/kabuso.no\/#organization\"},\"potentialAction\":[{\"@type\":\"SearchAction\",\"target\":{\"@type\":\"EntryPoint\",\"urlTemplate\":\"https:\/\/kabuso.no\/?s={search_term_string}\"},\"query-input\":{\"@type\":\"PropertyValueSpecification\",\"valueRequired\":true,\"valueName\":\"search_term_string\"}}],\"inLanguage\":\"en-US\"},{\"@type\":\"Organization\",\"@id\":\"https:\/\/kabuso.no\/#organization\",\"name\":\"Kunsthuset Kabuso\",\"url\":\"https:\/\/kabuso.no\/\",\"logo\":{\"@type\":\"ImageObject\",\"inLanguage\":\"en-US\",\"@id\":\"https:\/\/kabuso.no\/#\/schema\/logo\/image\/\",\"url\":\"https:\/\/kabuso.no\/wp-content\/uploads\/2023\/06\/Kabuso-hovud.svg\",\"contentUrl\":\"https:\/\/kabuso.no\/wp-content\/uploads\/2023\/06\/Kabuso-hovud.svg\",\"width\":1,\"height\":1,\"caption\":\"Kunsthuset Kabuso\"},\"image\":{\"@id\":\"https:\/\/kabuso.no\/#\/schema\/logo\/image\/\"},\"sameAs\":[\"https:\/\/www.facebook.com\/kunsthusetkabuso\/?locale=nb_NO\",\"https:\/\/www.instagram.com\/kunsthuset_kabuso\/\",\"https:\/\/www.linkedin.com\/company\/kunsthuset-kabuso\/\",\"https:\/\/www.linkedin.com\/company\/hardanger-skyspace\/\"]}]}<\/script>\n<!-- \/ Yoast SEO plugin. -->","yoast_head_json":{"title":"Caf\u00e9 - Kunsthuset Kabuso","description":"Visit our caf\u00e9 in the centre of Oystese ! We offer home made cakes and light lunches, local products and the best coffee by the fjord","robots":{"index":"index","follow":"follow","max-snippet":"max-snippet:-1","max-image-preview":"max-image-preview:large","max-video-preview":"max-video-preview:-1"},"canonical":"https:\/\/kabuso.no\/kafe\/","og_locale":"en_US","og_type":"article","og_title":"Caf\u00e9 - Kunsthuset Kabuso","og_description":"Visit our caf\u00e9 in the centre of Oystese ! We offer home made cakes and light lunches, local products and the best coffee by the fjord","og_url":"https:\/\/kabuso.no\/kafe\/","og_site_name":"Kunsthuset Kabuso","article_publisher":"https:\/\/www.facebook.com\/kunsthusetkabuso\/?locale=nb_NO","article_modified_time":"2023-07-05T12:50:23+00:00","og_image":[{"width":1936,"height":1936,"url":"https:\/\/kabuso.no\/wp-content\/uploads\/2022\/06\/Kabuso_cafe.jpeg","type":"image\/jpeg"}],"twitter_card":"summary_large_image","twitter_misc":{"Est. reading time":"2 minutes"},"schema":{"@context":"https:\/\/schema.org","@graph":[{"@type":"WebPage","@id":"https:\/\/kabuso.no\/kafe\/","url":"https:\/\/kabuso.no\/kafe\/","name":"Caf\u00e9 - Kunsthuset Kabuso","isPartOf":{"@id":"https:\/\/kabuso.no\/#website"},"primaryImageOfPage":{"@id":"https:\/\/kabuso.no\/kafe\/#primaryimage"},"image":{"@id":"https:\/\/kabuso.no\/kafe\/#primaryimage"},"thumbnailUrl":"https:\/\/kabuso.no\/wp-content\/uploads\/2022\/10\/Kabuso_kafe\u0301_Foto_Kabuso_Aukse_Drungiliene-scaled.jpeg","datePublished":"2018-09-30T20:47:25+00:00","dateModified":"2023-07-05T12:50:23+00:00","description":"Visit our caf\u00e9 in the centre of Oystese ! We offer home made cakes and light lunches, local products and the best coffee by the fjord","breadcrumb":{"@id":"https:\/\/kabuso.no\/kafe\/#breadcrumb"},"inLanguage":"en-US","potentialAction":[{"@type":"ReadAction","target":["https:\/\/kabuso.no\/kafe\/"]}]},{"@type":"ImageObject","inLanguage":"en-US","@id":"https:\/\/kabuso.no\/kafe\/#primaryimage","url":"https:\/\/kabuso.no\/wp-content\/uploads\/2022\/10\/Kabuso_kafe\u0301_Foto_Kabuso_Aukse_Drungiliene-scaled.jpeg","contentUrl":"https:\/\/kabuso.no\/wp-content\/uploads\/2022\/10\/Kabuso_kafe\u0301_Foto_Kabuso_Aukse_Drungiliene-scaled.jpeg","width":2560,"height":1707},{"@type":"BreadcrumbList","@id":"https:\/\/kabuso.no\/kafe\/#breadcrumb","itemListElement":[{"@type":"ListItem","position":1,"name":"Hjem","item":"https:\/\/kabuso.no\/"},{"@type":"ListItem","position":2,"name":"Caf\u00e9"}]},{"@type":"WebSite","@id":"https:\/\/kabuso.no\/#website","url":"https:\/\/kabuso.no\/","name":"Kunsthuset Kabuso","description":"Kunsthuset ved Hardangerfjorden","publisher":{"@id":"https:\/\/kabuso.no\/#organization"},"potentialAction":[{"@type":"SearchAction","target":{"@type":"EntryPoint","urlTemplate":"https:\/\/kabuso.no\/?s={search_term_string}"},"query-input":{"@type":"PropertyValueSpecification","valueRequired":true,"valueName":"search_term_string"}}],"inLanguage":"en-US"},{"@type":"Organization","@id":"https:\/\/kabuso.no\/#organization","name":"Kunsthuset Kabuso","url":"https:\/\/kabuso.no\/","logo":{"@type":"ImageObject","inLanguage":"en-US","@id":"https:\/\/kabuso.no\/#\/schema\/logo\/image\/","url":"https:\/\/kabuso.no\/wp-content\/uploads\/2023\/06\/Kabuso-hovud.svg","contentUrl":"https:\/\/kabuso.no\/wp-content\/uploads\/2023\/06\/Kabuso-hovud.svg","width":1,"height":1,"caption":"Kunsthuset Kabuso"},"image":{"@id":"https:\/\/kabuso.no\/#\/schema\/logo\/image\/"},"sameAs":["https:\/\/www.facebook.com\/kunsthusetkabuso\/?locale=nb_NO","https:\/\/www.instagram.com\/kunsthuset_kabuso\/","https:\/\/www.linkedin.com\/company\/kunsthuset-kabuso\/","https:\/\/www.linkedin.com\/company\/hardanger-skyspace\/"]}]}},"_links":{"self":[{"href":"https:\/\/kabuso.no\/en\/wp-json\/wp\/v2\/pages\/208762","targetHints":{"allow":["GET"]}}],"collection":[{"href":"https:\/\/kabuso.no\/en\/wp-json\/wp\/v2\/pages"}],"about":[{"href":"https:\/\/kabuso.no\/en\/wp-json\/wp\/v2\/types\/page"}],"author":[{"embeddable":true,"href":"https:\/\/kabuso.no\/en\/wp-json\/wp\/v2\/users\/1"}],"replies":[{"embeddable":true,"href":"https:\/\/kabuso.no\/en\/wp-json\/wp\/v2\/comments?post=208762"}],"version-history":[{"count":0,"href":"https:\/\/kabuso.no\/en\/wp-json\/wp\/v2\/pages\/208762\/revisions"}],"wp:featuredmedia":[{"embeddable":true,"href":"https:\/\/kabuso.no\/en\/wp-json\/wp\/v2\/media\/217461"}],"wp:attachment":[{"href":"https:\/\/kabuso.no\/en\/wp-json\/wp\/v2\/media?parent=208762"}],"curies":[{"name":"wp","href":"https:\/\/api.w.org\/{rel}","templated":true}]}}